{"id":3432,"date":"2025-08-27T07:48:45","date_gmt":"2025-08-27T07:48:45","guid":{"rendered":"https:\/\/cololate.com.mx\/?post_type=product&#038;p=3432"},"modified":"2025-08-27T07:50:27","modified_gmt":"2025-08-27T07:50:27","slug":"caja-acrilico-medallon-de-frutos-secos","status":"publish","type":"product","link":"https:\/\/cololate.com.mx\/index.php\/product\/caja-acrilico-medallon-de-frutos-secos\/","title":{"rendered":"Caja acr\u00edlico medall\u00f3n de frutos secos"},"content":{"rendered":"<p>Caja de acr\u00edlico con 4 medallones de chocolate semi amargo con chabacano, nuez de la india y d\u00e1til.<\/p>\n<p>&nbsp;<\/p>\n<p>&nbsp;<\/p>\n","protected":false},"excerpt":{"rendered":"<p style=\"text-align: left;\">Caja de acr\u00edlico con 4 medallones de chocolate semi amargo con chabacano, nuez de la india y d\u00e1til.<\/p>\n<p>&nbsp;<\/p>\n","protected":false},"featured_media":3433,"template":"","meta":{"_acf_changed":false,"content-type":""},"pwb-brand":[],"product_brand":[],"product_cat":[60],"product_tag":[],"class_list":{"0":"post-3432","1":"product","2":"type-product","3":"status-publish","4":"has-post-thumbnail","6":"product_cat-cajas","8":"first","9":"instock","10":"taxable","11":"shipping-taxable","12":"purchasable","13":"product-type-simple"},"acf":[],"jetpack_sharing_enabled":true,"brands":[],"_links":{"self":[{"href":"https:\/\/cololate.com.mx\/index.php\/wp-json\/wp\/v2\/product\/3432","targetHints":{"allow":["GET"]}}],"collection":[{"href":"https:\/\/cololate.com.mx\/index.php\/wp-json\/wp\/v2\/product"}],"about":[{"href":"https:\/\/cololate.com.mx\/index.php\/wp-json\/wp\/v2\/types\/product"}],"wp:featuredmedia":[{"embeddable":true,"href":"https:\/\/cololate.com.mx\/index.php\/wp-json\/wp\/v2\/media\/3433"}],"wp:attachment":[{"href":"https:\/\/cololate.com.mx\/index.php\/wp-json\/wp\/v2\/media?parent=3432"}],"wp:term":[{"taxonomy":"pwb-brand","embeddable":true,"href":"https:\/\/cololate.com.mx\/index.php\/wp-json\/wp\/v2\/pwb-brand?post=3432"},{"taxonomy":"product_brand","embeddable":true,"href":"https:\/\/cololate.com.mx\/index.php\/wp-json\/wp\/v2\/product_brand?post=3432"},{"taxonomy":"product_cat","embeddable":true,"href":"https:\/\/cololate.com.mx\/index.php\/wp-json\/wp\/v2\/product_cat?post=3432"},{"taxonomy":"product_tag","embeddable":true,"href":"https:\/\/cololate.com.mx\/index.php\/wp-json\/wp\/v2\/product_tag?post=3432"}],"curies":[{"name":"wp","href":"https:\/\/api.w.org\/{rel}","templated":true}]}}